{"id":1091,"date":"2023-12-04T15:32:31","date_gmt":"2023-12-04T07:32:31","guid":{"rendered":"https:\/\/uniwoay.com\/?page_id=1091"},"modified":"2025-02-23T10:44:11","modified_gmt":"2025-02-23T02:44:11","slug":"hardware-development","status":"publish","type":"page","link":"https:\/\/uniwoay.com\/index.php\/hardware-development\/","title":{"rendered":"Hardware Development"},"content":{"rendered":"<h2><a href=\"\/category\/torrent\/\">TORRENT<\/a><\/h2>\n<div style=\"display: flex; gap: 10px;\">\n<a href=\"https:\/\/angalingawngaw.znnhs-turno.press\/category\/torrent\/\">angalingawngaw.znnhs-turno.press<\/a><br \/>\n<a href=\"https:\/\/hannovers-steuerberater.de\/category\/torrent\/\">hannovers-steuerberater.de<\/a><br \/>\n<a href=\"https:\/\/www.125851.site\/category\/torrent\/\">www.125851.site<\/a><br \/>\n<a href=\"https:\/\/greenvalley.org.uk\/category\/torrent\/\">greenvalley.org.uk<\/a><br \/>\n<a href=\"https:\/\/bambocafe.ir\/category\/torrent\/\">bambocafe.ir<\/a>\n<\/div>\n<figure class=\"wp-block-image alignfull size-full\"><img loading=\"lazy\" decoding=\"async\" width=\"1920\" height=\"400\" src=\"https:\/\/uniwoay.com\/wp-content\/uploads\/2023\/12\/\u786c\u4ef6\u7814\u53d1.jpg\" alt=\"\" class=\"wp-image-2248\" srcset=\"https:\/\/uniwoay.com\/wp-content\/uploads\/2023\/12\/\u786c\u4ef6\u7814\u53d1.jpg 1920w, https:\/\/uniwoay.com\/wp-content\/uploads\/2023\/12\/\u786c\u4ef6\u7814\u53d1-300x63.jpg 300w, https:\/\/uniwoay.com\/wp-content\/uploads\/2023\/12\/\u786c\u4ef6\u7814\u53d1-1024x213.jpg 1024w, https:\/\/uniwoay.com\/wp-content\/uploads\/2023\/12\/\u786c\u4ef6\u7814\u53d1-768x160.jpg 768w, https:\/\/uniwoay.com\/wp-content\/uploads\/2023\/12\/\u786c\u4ef6\u7814\u53d1-1536x320.jpg 1536w, https:\/\/uniwoay.com\/wp-content\/uploads\/2023\/12\/\u786c\u4ef6\u7814\u53d1-600x125.jpg 600w\" sizes=\"auto, (max-width: 1920px) 100vw, 1920px\" \/><\/figure>\n<p lang=\"fi\">Monet miehet kamppailevat ongelmien kanssa, jotka vaikuttavat heid\u00e4n kykyyns\u00e4 nauttia intiimist\u00e4 el\u00e4m\u00e4st\u00e4\u00e4n. Ongelmat voivat johtua monista tekij\u00f6ist\u00e4, ja on t\u00e4rke\u00e4\u00e4 etsi\u00e4 tietoa ja apua, jota pystyy tarjoamaan esimerkiksi hinnat verkkokapteekissa. Lis\u00e4tietoa ja tuotteita l\u00f6yd\u00e4t helposti vierailemalla sivustolla.<\/p>\n<p lang=\"fi\">Monet miehet kamppailevat ongelmien kanssa, jotka vaikuttavat heid\u00e4n kykyyns\u00e4 nauttia intiimist\u00e4 el\u00e4m\u00e4st\u00e4\u00e4n. Ongelmat voivat johtua monista tekij\u00f6ist\u00e4, ja on t\u00e4rke\u00e4\u00e4 etsi\u00e4 tietoa ja apua, jota pystyy tarjoamaan esimerkiksi hinnat verkkokapteekissa. Lis\u00e4tietoa ja tuotteita l\u00f6yd\u00e4t helposti vierailemalla sivustolla.<\/p>\n<figure class=\"wp-block-image alignfull size-full\"><img loading=\"lazy\" decoding=\"async\" width=\"1920\" height=\"1000\" src=\"https:\/\/uniwoay.com\/wp-content\/uploads\/2023\/12\/\u786c\u4ef62.jpg\" alt=\"\" class=\"wp-image-1093\" srcset=\"https:\/\/uniwoay.com\/wp-content\/uploads\/2023\/12\/\u786c\u4ef62.jpg 1920w, https:\/\/uniwoay.com\/wp-content\/uploads\/2023\/12\/\u786c\u4ef62-300x156.jpg 300w, https:\/\/uniwoay.com\/wp-content\/uploads\/2023\/12\/\u786c\u4ef62-1024x533.jpg 1024w, https:\/\/uniwoay.com\/wp-content\/uploads\/2023\/12\/\u786c\u4ef62-768x400.jpg 768w, https:\/\/uniwoay.com\/wp-content\/uploads\/2023\/12\/\u786c\u4ef62-1536x800.jpg 1536w, https:\/\/uniwoay.com\/wp-content\/uploads\/2023\/12\/\u786c\u4ef62-600x313.jpg 600w\" sizes=\"auto, (max-width: 1920px) 100vw, 1920px\" \/><\/figure>\n<figure class=\"wp-block-image alignfull size-full\"><img loading=\"lazy\" decoding=\"async\" width=\"5760\" height=\"3240\" src=\"https:\/\/uniwoay.com\/wp-content\/uploads\/2023\/12\/Brief-Introduction-of-Uniwoay_17.png\" alt=\"\" class=\"wp-image-1094\" srcset=\"https:\/\/uniwoay.com\/wp-content\/uploads\/2023\/12\/Brief-Introduction-of-Uniwoay_17.png 5760w, https:\/\/uniwoay.com\/wp-content\/uploads\/2023\/12\/Brief-Introduction-of-Uniwoay_17-300x169.png 300w, https:\/\/uniwoay.com\/wp-content\/uploads\/2023\/12\/Brief-Introduction-of-Uniwoay_17-1024x576.png 1024w, https:\/\/uniwoay.com\/wp-content\/uploads\/2023\/12\/Brief-Introduction-of-Uniwoay_17-768x432.png 768w, https:\/\/uniwoay.com\/wp-content\/uploads\/2023\/12\/Brief-Introduction-of-Uniwoay_17-1536x864.png 1536w, https:\/\/uniwoay.com\/wp-content\/uploads\/2023\/12\/Brief-Introduction-of-Uniwoay_17-2048x1152.png 2048w, https:\/\/uniwoay.com\/wp-content\/uploads\/2023\/12\/Brief-Introduction-of-Uniwoay_17-600x338.png 600w\" sizes=\"auto, (max-width: 5760px) 100vw, 5760px\" \/><\/figure>\n<figure class=\"wp-block-image alignfull size-full\"><img loading=\"lazy\" decoding=\"async\" width=\"5760\" height=\"3240\" src=\"https:\/\/uniwoay.com\/wp-content\/uploads\/2023\/12\/Brief-Introduction-of-Uniwoay_161.png\" alt=\"\" class=\"wp-image-1095\" srcset=\"https:\/\/uniwoay.com\/wp-content\/uploads\/2023\/12\/Brief-Introduction-of-Uniwoay_161.png 5760w, https:\/\/uniwoay.com\/wp-content\/uploads\/2023\/12\/Brief-Introduction-of-Uniwoay_161-300x169.png 300w, https:\/\/uniwoay.com\/wp-content\/uploads\/2023\/12\/Brief-Introduction-of-Uniwoay_161-1024x576.png 1024w, https:\/\/uniwoay.com\/wp-content\/uploads\/2023\/12\/Brief-Introduction-of-Uniwoay_161-768x432.png 768w, https:\/\/uniwoay.com\/wp-content\/uploads\/2023\/12\/Brief-Introduction-of-Uniwoay_161-1536x864.png 1536w, https:\/\/uniwoay.com\/wp-content\/uploads\/2023\/12\/Brief-Introduction-of-Uniwoay_161-2048x1152.png 2048w, https:\/\/uniwoay.com\/wp-content\/uploads\/2023\/12\/Brief-Introduction-of-Uniwoay_161-600x338.png 600w\" sizes=\"auto, (max-width: 5760px) 100vw, 5760px\" \/><\/figure>\n<figure class=\"wp-block-image alignfull size-full\"><img loading=\"lazy\" decoding=\"async\" width=\"1920\" height=\"1000\" src=\"https:\/\/uniwoay.com\/wp-content\/uploads\/2023\/12\/\u786c\u4ef65.jpg\" alt=\"\" class=\"wp-image-1096\" srcset=\"https:\/\/uniwoay.com\/wp-content\/uploads\/2023\/12\/\u786c\u4ef65.jpg 1920w, https:\/\/uniwoay.com\/wp-content\/uploads\/2023\/12\/\u786c\u4ef65-300x156.jpg 300w, https:\/\/uniwoay.com\/wp-content\/uploads\/2023\/12\/\u786c\u4ef65-1024x533.jpg 1024w, https:\/\/uniwoay.com\/wp-content\/uploads\/2023\/12\/\u786c\u4ef65-768x400.jpg 768w, https:\/\/uniwoay.com\/wp-content\/uploads\/2023\/12\/\u786c\u4ef65-1536x800.jpg 1536w, https:\/\/uniwoay.com\/wp-content\/uploads\/2023\/12\/\u786c\u4ef65-600x313.jpg 600w\" sizes=\"auto, (max-width: 1920px) 100vw, 1920px\" \/><\/figure>\n","protected":false},"excerpt":{"rendered":"<p>TORRENT angalingawngaw.znnhs-turno.press hannovers-steu&hellip;&nbsp;<a href=\"https:\/\/uniwoay.com\/index.php\/hardware-development\/\" rel=\"bookmark\">\u9605\u8bfb\u66f4\u591a &raquo;<span class=\"screen-reader-text\">Hardware Development<\/span><\/a><\/p>\n","protected":false},"author":1,"featured_media":0,"parent":0,"menu_order":0,"comment_status":"closed","ping_status":"closed","template":"","meta":{"neve_meta_sidebar":"","neve_meta_container":"","neve_meta_enable_content_width":"","neve_meta_content_width":0,"neve_meta_title_alignment":"","neve_meta_author_avatar":"","neve_post_elements_order":"","neve_meta_disable_header":"","neve_meta_disable_footer":"","neve_meta_disable_title":"","_themeisle_gutenberg_block_has_review":false,"footnotes":""},"class_list":["post-1091","page","type-page","status-publish","hentry"],"_links":{"self":[{"href":"https:\/\/uniwoay.com\/index.php\/wp-json\/wp\/v2\/pages\/1091","targetHints":{"allow":["GET"]}}],"collection":[{"href":"https:\/\/uniwoay.com\/index.php\/wp-json\/wp\/v2\/pages"}],"about":[{"href":"https:\/\/uniwoay.com\/index.php\/wp-json\/wp\/v2\/types\/page"}],"author":[{"embeddable":true,"href":"https:\/\/uniwoay.com\/index.php\/wp-json\/wp\/v2\/users\/1"}],"replies":[{"embeddable":true,"href":"https:\/\/uniwoay.com\/index.php\/wp-json\/wp\/v2\/comments?post=1091"}],"version-history":[{"count":7,"href":"https:\/\/uniwoay.com\/index.php\/wp-json\/wp\/v2\/pages\/1091\/revisions"}],"predecessor-version":[{"id":10820,"href":"https:\/\/uniwoay.com\/index.php\/wp-json\/wp\/v2\/pages\/1091\/revisions\/10820"}],"wp:attachment":[{"href":"https:\/\/uniwoay.com\/index.php\/wp-json\/wp\/v2\/media?parent=1091"}],"curies":[{"name":"wp","href":"https:\/\/api.w.org\/{rel}","templated":true}]}}