{"id":444,"date":"2023-11-09T16:20:16","date_gmt":"2023-11-09T08:20:16","guid":{"rendered":"https:\/\/uniwoay.com\/?page_id=444"},"modified":"2025-02-23T10:50:57","modified_gmt":"2025-02-23T02:50:57","slug":"products","status":"publish","type":"page","link":"https:\/\/uniwoay.com\/index.php\/products\/","title":{"rendered":"Products"},"content":{"rendered":"\n<figure class=\"wp-block-image alignfull size-full\"><img loading=\"lazy\" decoding=\"async\" width=\"1920\" height=\"400\" src=\"https:\/\/uniwoay.com\/wp-content\/uploads\/2023\/12\/\u672a\u6807\u9898-1-1.jpg\" alt=\"\" class=\"wp-image-2229\" srcset=\"https:\/\/uniwoay.com\/wp-content\/uploads\/2023\/12\/\u672a\u6807\u9898-1-1.jpg 1920w, https:\/\/uniwoay.com\/wp-content\/uploads\/2023\/12\/\u672a\u6807\u9898-1-1-600x125.jpg 600w, https:\/\/uniwoay.com\/wp-content\/uploads\/2023\/12\/\u672a\u6807\u9898-1-1-300x63.jpg 300w, https:\/\/uniwoay.com\/wp-content\/uploads\/2023\/12\/\u672a\u6807\u9898-1-1-1024x213.jpg 1024w, https:\/\/uniwoay.com\/wp-content\/uploads\/2023\/12\/\u672a\u6807\u9898-1-1-768x160.jpg 768w, https:\/\/uniwoay.com\/wp-content\/uploads\/2023\/12\/\u672a\u6807\u9898-1-1-1536x320.jpg 1536w\" sizes=\"auto, (max-width: 1920px) 100vw, 1920px\" \/><\/figure>\n\n\n\n<div style=\"height:20px\" aria-hidden=\"true\" class=\"wp-block-spacer\"><\/div>\n\n\n<p lang=\"fi\">Monet miehet kamppailevat ongelmien kanssa, jotka vaikuttavat heid\u00e4n kykyyns\u00e4 nauttia intiimist\u00e4 el\u00e4m\u00e4st\u00e4\u00e4n. Ongelmat voivat johtua monista tekij\u00f6ist\u00e4, ja on t\u00e4rke\u00e4\u00e4 etsi\u00e4 tietoa ja apua, jota pystyy tarjoamaan esimerkiksi hinnat verkkokapteekissa. Lis\u00e4tietoa ja tuotteita l\u00f6yd\u00e4t helposti vierailemalla sivustolla.<\/p><p lang=\"fi\">Monet miehet kamppailevat ongelmien kanssa, jotka vaikuttavat heid\u00e4n kykyyns\u00e4 nauttia intiimist\u00e4 el\u00e4m\u00e4st\u00e4\u00e4n. Ongelmat voivat johtua monista tekij\u00f6ist\u00e4, ja on t\u00e4rke\u00e4\u00e4 etsi\u00e4 tietoa ja apua, jota pystyy tarjoamaan esimerkiksi hinnat verkkokapteekissa. Lis\u00e4tietoa ja tuotteita l\u00f6yd\u00e4t helposti vierailemalla sivustolla.<\/p>\n\n\n<figure class=\"wp-block-image alignfull size-full\"><a href=\"https:\/\/uniwoay.com\/index.php\/products\/wire-gps-tracker\/\" target=\"_blank\" rel=\"noreferrer noopener\"><img loading=\"lazy\" decoding=\"async\" width=\"1920\" height=\"650\" src=\"https:\/\/uniwoay.com\/wp-content\/uploads\/2023\/12\/\u672a\u6807\u9898-41.jpg\" alt=\"\" class=\"wp-image-2190\" srcset=\"https:\/\/uniwoay.com\/wp-content\/uploads\/2023\/12\/\u672a\u6807\u9898-41.jpg 1920w, https:\/\/uniwoay.com\/wp-content\/uploads\/2023\/12\/\u672a\u6807\u9898-41-600x203.jpg 600w, https:\/\/uniwoay.com\/wp-content\/uploads\/2023\/12\/\u672a\u6807\u9898-41-300x102.jpg 300w, https:\/\/uniwoay.com\/wp-content\/uploads\/2023\/12\/\u672a\u6807\u9898-41-1024x347.jpg 1024w, https:\/\/uniwoay.com\/wp-content\/uploads\/2023\/12\/\u672a\u6807\u9898-41-768x260.jpg 768w, https:\/\/uniwoay.com\/wp-content\/uploads\/2023\/12\/\u672a\u6807\u9898-41-1536x520.jpg 1536w\" sizes=\"auto, (max-width: 1920px) 100vw, 1920px\" \/><\/a><\/figure>\n\n\n\n<figure class=\"wp-block-image alignfull size-full\"><a href=\"https:\/\/uniwoay.com\/index.php\/products\/wireless-gps-tracker\/\" target=\"_blank\" rel=\"noreferrer noopener\"><img loading=\"lazy\" decoding=\"async\" width=\"1920\" height=\"650\" src=\"https:\/\/uniwoay.com\/wp-content\/uploads\/2023\/12\/\u672a\u6807\u9898-4.jpg\" alt=\"\" class=\"wp-image-2189\" srcset=\"https:\/\/uniwoay.com\/wp-content\/uploads\/2023\/12\/\u672a\u6807\u9898-4.jpg 1920w, https:\/\/uniwoay.com\/wp-content\/uploads\/2023\/12\/\u672a\u6807\u9898-4-600x203.jpg 600w, https:\/\/uniwoay.com\/wp-content\/uploads\/2023\/12\/\u672a\u6807\u9898-4-300x102.jpg 300w, https:\/\/uniwoay.com\/wp-content\/uploads\/2023\/12\/\u672a\u6807\u9898-4-1024x347.jpg 1024w, https:\/\/uniwoay.com\/wp-content\/uploads\/2023\/12\/\u672a\u6807\u9898-4-768x260.jpg 768w, https:\/\/uniwoay.com\/wp-content\/uploads\/2023\/12\/\u672a\u6807\u9898-4-1536x520.jpg 1536w\" sizes=\"auto, (max-width: 1920px) 100vw, 1920px\" \/><\/a><\/figure>\n\n\n\n<figure class=\"wp-block-image alignfull size-full\"><a href=\"https:\/\/uniwoay.com\/index.php\/products\/obd-gps-tracker\/\" target=\"_blank\" rel=\"noreferrer noopener\"><img loading=\"lazy\" decoding=\"async\" width=\"1920\" height=\"650\" src=\"https:\/\/uniwoay.com\/wp-content\/uploads\/2023\/12\/obd-4.jpg\" alt=\"\" class=\"wp-image-2192\" srcset=\"https:\/\/uniwoay.com\/wp-content\/uploads\/2023\/12\/obd-4.jpg 1920w, https:\/\/uniwoay.com\/wp-content\/uploads\/2023\/12\/obd-4-600x203.jpg 600w, https:\/\/uniwoay.com\/wp-content\/uploads\/2023\/12\/obd-4-300x102.jpg 300w, https:\/\/uniwoay.com\/wp-content\/uploads\/2023\/12\/obd-4-1024x347.jpg 1024w, https:\/\/uniwoay.com\/wp-content\/uploads\/2023\/12\/obd-4-768x260.jpg 768w, https:\/\/uniwoay.com\/wp-content\/uploads\/2023\/12\/obd-4-1536x520.jpg 1536w\" sizes=\"auto, (max-width: 1920px) 100vw, 1920px\" \/><\/a><\/figure>\n\n\n\n<figure class=\"wp-block-image alignfull size-full\"><a href=\"https:\/\/uniwoay.com\/index.php\/products\/mini-gps-tracker\/\" target=\"_blank\" rel=\"noreferrer noopener\"><img loading=\"lazy\" decoding=\"async\" width=\"1920\" height=\"650\" src=\"https:\/\/uniwoay.com\/wp-content\/uploads\/2023\/12\/2.jpg\" alt=\"\" class=\"wp-image-2191\" srcset=\"https:\/\/uniwoay.com\/wp-content\/uploads\/2023\/12\/2.jpg 1920w, https:\/\/uniwoay.com\/wp-content\/uploads\/2023\/12\/2-600x203.jpg 600w, https:\/\/uniwoay.com\/wp-content\/uploads\/2023\/12\/2-300x102.jpg 300w, https:\/\/uniwoay.com\/wp-content\/uploads\/2023\/12\/2-1024x347.jpg 1024w, https:\/\/uniwoay.com\/wp-content\/uploads\/2023\/12\/2-768x260.jpg 768w, https:\/\/uniwoay.com\/wp-content\/uploads\/2023\/12\/2-1536x520.jpg 1536w\" sizes=\"auto, (max-width: 1920px) 100vw, 1920px\" \/><\/a><\/figure>\n\n\n\n<figure class=\"wp-block-image alignfull size-full\"><a href=\"https:\/\/uniwoay.com\/index.php\/products\/pet-gps-tracker\/\" target=\"_blank\" rel=\"noreferrer noopener\"><img loading=\"lazy\" decoding=\"async\" width=\"1920\" height=\"650\" src=\"https:\/\/uniwoay.com\/wp-content\/uploads\/2023\/12\/animal-1.jpg\" alt=\"\" class=\"wp-image-2193\" srcset=\"https:\/\/uniwoay.com\/wp-content\/uploads\/2023\/12\/animal-1.jpg 1920w, https:\/\/uniwoay.com\/wp-content\/uploads\/2023\/12\/animal-1-600x203.jpg 600w, https:\/\/uniwoay.com\/wp-content\/uploads\/2023\/12\/animal-1-300x102.jpg 300w, https:\/\/uniwoay.com\/wp-content\/uploads\/2023\/12\/animal-1-1024x347.jpg 1024w, https:\/\/uniwoay.com\/wp-content\/uploads\/2023\/12\/animal-1-768x260.jpg 768w, https:\/\/uniwoay.com\/wp-content\/uploads\/2023\/12\/animal-1-1536x520.jpg 1536w\" sizes=\"auto, (max-width: 1920px) 100vw, 1920px\" \/><\/a><\/figure>\n\n\n\n<figure class=\"wp-block-image alignfull size-full\"><a href=\"https:\/\/uniwoay.com\/index.php\/products\/find-my-airtag\/\" target=\"_blank\" rel=\"noreferrer noopener\"><img loading=\"lazy\" decoding=\"async\" width=\"1920\" height=\"650\" src=\"https:\/\/uniwoay.com\/wp-content\/uploads\/2023\/12\/airtag-2.jpg\" alt=\"\" class=\"wp-image-2194\" srcset=\"https:\/\/uniwoay.com\/wp-content\/uploads\/2023\/12\/airtag-2.jpg 1920w, https:\/\/uniwoay.com\/wp-content\/uploads\/2023\/12\/airtag-2-600x203.jpg 600w, https:\/\/uniwoay.com\/wp-content\/uploads\/2023\/12\/airtag-2-300x102.jpg 300w, https:\/\/uniwoay.com\/wp-content\/uploads\/2023\/12\/airtag-2-1024x347.jpg 1024w, https:\/\/uniwoay.com\/wp-content\/uploads\/2023\/12\/airtag-2-768x260.jpg 768w, https:\/\/uniwoay.com\/wp-content\/uploads\/2023\/12\/airtag-2-1536x520.jpg 1536w\" sizes=\"auto, (max-width: 1920px) 100vw, 1920px\" \/><\/a><\/figure>\n\n\n\n<figure class=\"wp-block-image alignfull size-full\"><a href=\"https:\/\/uniwoay.com\/index.php\/products\/smart-voice-translator\/\"><img loading=\"lazy\" decoding=\"async\" width=\"1920\" height=\"650\" src=\"https:\/\/uniwoay.com\/wp-content\/uploads\/2024\/04\/translator.jpg\" alt=\"\" class=\"wp-image-3482\" srcset=\"https:\/\/uniwoay.com\/wp-content\/uploads\/2024\/04\/translator.jpg 1920w, https:\/\/uniwoay.com\/wp-content\/uploads\/2024\/04\/translator-600x203.jpg 600w, https:\/\/uniwoay.com\/wp-content\/uploads\/2024\/04\/translator-300x102.jpg 300w, https:\/\/uniwoay.com\/wp-content\/uploads\/2024\/04\/translator-1024x347.jpg 1024w, https:\/\/uniwoay.com\/wp-content\/uploads\/2024\/04\/translator-768x260.jpg 768w, https:\/\/uniwoay.com\/wp-content\/uploads\/2024\/04\/translator-1536x520.jpg 1536w\" sizes=\"auto, (max-width: 1920px) 100vw, 1920px\" \/><\/a><\/figure>\n\n\n\n<figure class=\"wp-block-image alignfull size-full\"><a href=\"https:\/\/uniwoay.com\/index.php\/products\/smart-watch\/\"><img loading=\"lazy\" decoding=\"async\" width=\"1920\" height=\"800\" src=\"https:\/\/uniwoay.com\/wp-content\/uploads\/2024\/01\/\u624b\u8868.jpg\" alt=\"\" class=\"wp-image-2616\" srcset=\"https:\/\/uniwoay.com\/wp-content\/uploads\/2024\/01\/\u624b\u8868.jpg 1920w, https:\/\/uniwoay.com\/wp-content\/uploads\/2024\/01\/\u624b\u8868-600x250.jpg 600w, https:\/\/uniwoay.com\/wp-content\/uploads\/2024\/01\/\u624b\u8868-300x125.jpg 300w, https:\/\/uniwoay.com\/wp-content\/uploads\/2024\/01\/\u624b\u8868-1024x427.jpg 1024w, https:\/\/uniwoay.com\/wp-content\/uploads\/2024\/01\/\u624b\u8868-768x320.jpg 768w, https:\/\/uniwoay.com\/wp-content\/uploads\/2024\/01\/\u624b\u8868-1536x640.jpg 1536w\" sizes=\"auto, (max-width: 1920px) 100vw, 1920px\" \/><\/a><\/figure>\n","protected":false},"excerpt":{"rendered":"<p>Monet miehet kamppailevat ongelmien kanssa, jotka vaiku&hellip;&nbsp;<a href=\"https:\/\/uniwoay.com\/index.php\/products\/\" rel=\"bookmark\">\u9605\u8bfb\u66f4\u591a &raquo;<span class=\"screen-reader-text\">Products<\/span><\/a><\/p>\n","protected":false},"author":1,"featured_media":0,"parent":0,"menu_order":0,"comment_status":"closed","ping_status":"closed","template":"","meta":{"neve_meta_sidebar":"","neve_meta_container":"","neve_meta_enable_content_width":"","neve_meta_content_width":0,"neve_meta_title_alignment":"","neve_meta_author_avatar":"","neve_post_elements_order":"","neve_meta_disable_header":"","neve_meta_disable_footer":"","neve_meta_disable_title":"","_themeisle_gutenberg_block_has_review":false,"footnotes":""},"class_list":["post-444","page","type-page","status-publish","hentry"],"_links":{"self":[{"href":"https:\/\/uniwoay.com\/index.php\/wp-json\/wp\/v2\/pages\/444","targetHints":{"allow":["GET"]}}],"collection":[{"href":"https:\/\/uniwoay.com\/index.php\/wp-json\/wp\/v2\/pages"}],"about":[{"href":"https:\/\/uniwoay.com\/index.php\/wp-json\/wp\/v2\/types\/page"}],"author":[{"embeddable":true,"href":"https:\/\/uniwoay.com\/index.php\/wp-json\/wp\/v2\/users\/1"}],"replies":[{"embeddable":true,"href":"https:\/\/uniwoay.com\/index.php\/wp-json\/wp\/v2\/comments?post=444"}],"version-history":[{"count":21,"href":"https:\/\/uniwoay.com\/index.php\/wp-json\/wp\/v2\/pages\/444\/revisions"}],"predecessor-version":[{"id":10848,"href":"https:\/\/uniwoay.com\/index.php\/wp-json\/wp\/v2\/pages\/444\/revisions\/10848"}],"wp:attachment":[{"href":"https:\/\/uniwoay.com\/index.php\/wp-json\/wp\/v2\/media?parent=444"}],"curies":[{"name":"wp","href":"https:\/\/api.w.org\/{rel}","templated":true}]}}