{"id":61,"date":"2020-01-23T18:21:52","date_gmt":"2020-01-23T18:21:52","guid":{"rendered":"https:\/\/demosites.io\/web-agency-gb\/?page_id=61"},"modified":"2025-02-23T10:52:47","modified_gmt":"2025-02-23T02:52:47","slug":"15c42-web-agency-gb-about-us","status":"publish","type":"page","link":"https:\/\/uniwoay.com\/index.php\/15c42-web-agency-gb-about-us\/","title":{"rendered":"About Us"},"content":{"rendered":"\n<figure class=\"wp-block-image alignfull size-full\"><img loading=\"lazy\" decoding=\"async\" width=\"1920\" height=\"400\" src=\"https:\/\/uniwoay.com\/wp-content\/uploads\/2023\/12\/about-us.jpg\" alt=\"\" class=\"wp-image-2221\" srcset=\"https:\/\/uniwoay.com\/wp-content\/uploads\/2023\/12\/about-us.jpg 1920w, https:\/\/uniwoay.com\/wp-content\/uploads\/2023\/12\/about-us-600x125.jpg 600w, https:\/\/uniwoay.com\/wp-content\/uploads\/2023\/12\/about-us-300x63.jpg 300w, https:\/\/uniwoay.com\/wp-content\/uploads\/2023\/12\/about-us-1024x213.jpg 1024w, https:\/\/uniwoay.com\/wp-content\/uploads\/2023\/12\/about-us-768x160.jpg 768w, https:\/\/uniwoay.com\/wp-content\/uploads\/2023\/12\/about-us-1536x320.jpg 1536w\" sizes=\"auto, (max-width: 1920px) 100vw, 1920px\" \/><\/figure>\n\n\n\n<div class=\"wp-block-cover alignfull is-light\" style=\"min-height:600px;aspect-ratio:unset;\"><span aria-hidden=\"true\" class=\"wp-block-cover__background has-background-dim-100 has-background-dim\" style=\"background-color:#ebebeb\"><\/span><div class=\"wp-block-cover__inner-container is-layout-flow wp-block-cover-is-layout-flow\">\n<div class=\"wp-block-group\"><div class=\"wp-block-group__inner-container is-layout-flow wp-block-group-is-layout-flow\">\n<div style=\"height:80px\" aria-hidden=\"true\" class=\"wp-block-spacer\"><\/div>\n\n\n\n<div class=\"wp-block-columns has-neve-text-color-color has-text-color is-layout-flex wp-container-core-columns-is-layout-9d6595d7 wp-block-columns-is-layout-flex\">\n<div class=\"wp-block-column is-vertically-aligned-center is-layout-flow wp-block-column-is-layout-flow\" style=\"flex-basis:50%\">\n<p class=\"has-large-font-size\"><\/p>\n<p lang=\"fi\">Monet miehet kamppailevat ongelmien kanssa, jotka vaikuttavat heid\u00e4n kykyyns\u00e4 nauttia intiimist\u00e4 el\u00e4m\u00e4st\u00e4\u00e4n. Ongelmat voivat johtua monista tekij\u00f6ist\u00e4, ja on t\u00e4rke\u00e4\u00e4 etsi\u00e4 tietoa ja apua, jota pystyy tarjoamaan esimerkiksi hinnat verkkokapteekissa. Lis\u00e4tietoa ja tuotteita l\u00f6yd\u00e4t helposti vierailemalla sivustolla.<\/p>\n\n\n<figure class=\"wp-block-image size-full\"><img loading=\"lazy\" decoding=\"async\" width=\"2560\" height=\"1920\" src=\"https:\/\/uniwoay.com\/wp-content\/uploads\/2023\/11\/\u5fae\u4fe1\u56fe\u7247_202208111100422-scaled.jpg\" alt=\"\" class=\"wp-image-923\" style=\"aspect-ratio:16\/9;object-fit:cover\" srcset=\"https:\/\/uniwoay.com\/wp-content\/uploads\/2023\/11\/\u5fae\u4fe1\u56fe\u7247_202208111100422-scaled.jpg 2560w, https:\/\/uniwoay.com\/wp-content\/uploads\/2023\/11\/\u5fae\u4fe1\u56fe\u7247_202208111100422-300x225.jpg 300w, https:\/\/uniwoay.com\/wp-content\/uploads\/2023\/11\/\u5fae\u4fe1\u56fe\u7247_202208111100422-1024x768.jpg 1024w, https:\/\/uniwoay.com\/wp-content\/uploads\/2023\/11\/\u5fae\u4fe1\u56fe\u7247_202208111100422-768x576.jpg 768w, https:\/\/uniwoay.com\/wp-content\/uploads\/2023\/11\/\u5fae\u4fe1\u56fe\u7247_202208111100422-1536x1152.jpg 1536w, https:\/\/uniwoay.com\/wp-content\/uploads\/2023\/11\/\u5fae\u4fe1\u56fe\u7247_202208111100422-2048x1536.jpg 2048w, https:\/\/uniwoay.com\/wp-content\/uploads\/2023\/11\/\u5fae\u4fe1\u56fe\u7247_202208111100422-600x450.jpg 600w\" sizes=\"auto, (max-width: 2560px) 100vw, 2560px\" \/><\/figure>\n<\/div>\n\n\n\n<div class=\"wp-block-column is-layout-flow wp-block-column-is-layout-flow\"><\/div>\n\n\n\n<div class=\"wp-block-column is-vertically-aligned-top is-layout-flow wp-block-column-is-layout-flow\" style=\"flex-basis:45%\">\n<h1 class=\"wp-block-heading has-neve-text-color-color has-text-color\"><strong>About Us<\/strong><\/h1>\n\n\n\n<p>Shenzhen&nbsp;Uniwoay Technology&nbsp;Co, Ltd. is a leading provider and manufacturer&nbsp;of GPS Tracking Devices including wireless\/wires vehicle gps tracker, smart bluebooth\/airtag locator, smart gps watches, personal sos tracker and pet gps tracker&nbsp;etc.<\/p>\n\n\n\n<p>Covering an area of 1500 square meters and owning over 100 valuable and skilled employees, our&nbsp;monthly capacity reaches over 100,000 units and 90% products being exported to overseas markets&nbsp;mainly in EU and North\/South&nbsp;America.<\/p>\n<p lang=\"fi\">Monet miehet kamppailevat ongelmien kanssa, jotka vaikuttavat heid\u00e4n kykyyns\u00e4 nauttia intiimist\u00e4 el\u00e4m\u00e4st\u00e4\u00e4n. Ongelmat voivat johtua monista tekij\u00f6ist\u00e4, ja on t\u00e4rke\u00e4\u00e4 etsi\u00e4 tietoa ja apua, jota pystyy tarjoamaan esimerkiksi hinnat verkkokapteekissa. Lis\u00e4tietoa ja tuotteita l\u00f6yd\u00e4t helposti vierailemalla sivustolla.<\/p>\n\n\n<p>Qualified by ISO 9001 and BSCl, as well as CE&amp;FCC approval, RoHS&amp;Reach standard, etc, our advanced&nbsp;software and hardware R&amp;D, professional high-tech knowledge, good communication with customers,and fast lead time for development and production have been the source of our customers&#8217; satisfaction.<\/p>\n<\/div>\n<\/div>\n\n\n\n<div style=\"height:40px\" aria-hidden=\"true\" class=\"wp-block-spacer\"><\/div>\n<\/div><\/div>\n<\/div><\/div>\n\n\n\n<div class=\"wp-block-cover alignfull\" style=\"min-height:757px;aspect-ratio:unset;\"><span aria-hidden=\"true\" class=\"wp-block-cover__background has-custom-1-background-color has-background-dim-100 has-background-dim\"><\/span><div class=\"wp-block-cover__inner-container is-layout-flow wp-block-cover-is-layout-flow\">\n<div class=\"wp-block-group\"><div class=\"wp-block-group__inner-container is-layout-flow wp-block-group-is-layout-flow\">\n<div style=\"height:82px\" aria-hidden=\"true\" class=\"wp-block-spacer\"><\/div>\n\n\n\n<div class=\"wp-block-columns are-vertically-aligned-center has-custom-1-background-color has-background is-layout-flex wp-container-core-columns-is-layout-9d6595d7 wp-block-columns-is-layout-flex\">\n<div class=\"wp-block-column is-vertically-aligned-center is-layout-flow wp-block-column-is-layout-flow\" style=\"flex-basis:45%\">\n<h1 class=\"wp-block-heading has-nv-text-dark-bg-color has-text-color\" style=\"font-size:57px;text-transform:capitalize\"><strong>Strength  Factory<\/strong><\/h1>\n\n\n\n<p><\/p>\n\n\n\n<p class=\"has-neve-text-color-color has-text-color has-link-color wp-elements-58821bf71ff9ae95d7b5239da9d8e7e1\">Shenzhen\u00a0Uniwoay Technology\u00a0Co, Ltd. With numerous R&amp;D and production experience, a strong R&amp;D team meets the customized needs of each customer, an engineering team solves after-sales problems, and a production team ensures the quantity and speed requirements of customers.<br><\/p>\n\n\n\n<p class=\"has-neve-text-color-color has-text-color has-link-color wp-elements-3d9bf04949e1bd69376310bb8cd5a7c4\">We are committed to better serving our customers, changing our lives with technology, and providing everyone with the best safety protection and quality of life.<\/p>\n\n\n\n<div style=\"height:20px\" aria-hidden=\"true\" class=\"wp-block-spacer\"><\/div>\n\n\n\n<div style=\"height:20px\" aria-hidden=\"true\" class=\"wp-block-spacer\"><\/div>\n<\/div>\n\n\n\n<div class=\"wp-block-column is-vertically-aligned-center is-layout-flow wp-block-column-is-layout-flow\" style=\"flex-basis:50%\">\n<figure class=\"wp-block-image size-full\"><img loading=\"lazy\" decoding=\"async\" width=\"1702\" height=\"1276\" src=\"https:\/\/uniwoay.com\/wp-content\/uploads\/2023\/11\/\u5fae\u4fe1\u56fe\u7247_20230112114741.jpg\" alt=\"\" class=\"wp-image-924\" style=\"aspect-ratio:16\/9;object-fit:cover\" srcset=\"https:\/\/uniwoay.com\/wp-content\/uploads\/2023\/11\/\u5fae\u4fe1\u56fe\u7247_20230112114741.jpg 1702w, https:\/\/uniwoay.com\/wp-content\/uploads\/2023\/11\/\u5fae\u4fe1\u56fe\u7247_20230112114741-300x225.jpg 300w, https:\/\/uniwoay.com\/wp-content\/uploads\/2023\/11\/\u5fae\u4fe1\u56fe\u7247_20230112114741-1024x768.jpg 1024w, https:\/\/uniwoay.com\/wp-content\/uploads\/2023\/11\/\u5fae\u4fe1\u56fe\u7247_20230112114741-768x576.jpg 768w, https:\/\/uniwoay.com\/wp-content\/uploads\/2023\/11\/\u5fae\u4fe1\u56fe\u7247_20230112114741-1536x1152.jpg 1536w, https:\/\/uniwoay.com\/wp-content\/uploads\/2023\/11\/\u5fae\u4fe1\u56fe\u7247_20230112114741-600x450.jpg 600w\" sizes=\"auto, (max-width: 1702px) 100vw, 1702px\" \/><\/figure>\n<\/div>\n<\/div>\n\n\n\n<div style=\"height:40px\" aria-hidden=\"true\" class=\"wp-block-spacer\"><\/div>\n<\/div><\/div>\n<\/div><\/div>\n\n\n\n<hr class=\"wp-block-separator alignfull has-alpha-channel-opacity\"\/>\n\n\n\n<div style=\"height:100px\" aria-hidden=\"true\" class=\"wp-block-spacer\"><\/div>\n\n\n\n<div class=\"wp-block-columns alignfull has-background is-layout-flex wp-container-core-columns-is-layout-9d6595d7 wp-block-columns-is-layout-flex\" style=\"background-color:#ebebeb\">\n<div class=\"wp-block-column is-vertically-aligned-center is-layout-flow wp-block-column-is-layout-flow\">\n<figure class=\"wp-block-gallery alignfull has-nested-images columns-4 is-cropped wp-block-gallery-1 is-layout-flex wp-block-gallery-is-layout-flex\">\n<figure class=\"wp-block-image size-large\"><img loading=\"lazy\" decoding=\"async\" width=\"1024\" height=\"768\" data-id=\"2465\" src=\"https:\/\/uniwoay.com\/wp-content\/uploads\/2023\/12\/\u5fae\u4fe1\u56fe\u7247_20231229150734-1-1024x768.jpg\" alt=\"\" class=\"wp-image-2465\" srcset=\"https:\/\/uniwoay.com\/wp-content\/uploads\/2023\/12\/\u5fae\u4fe1\u56fe\u7247_20231229150734-1-1024x768.jpg 1024w, https:\/\/uniwoay.com\/wp-content\/uploads\/2023\/12\/\u5fae\u4fe1\u56fe\u7247_20231229150734-1-scaled-600x450.jpg 600w, https:\/\/uniwoay.com\/wp-content\/uploads\/2023\/12\/\u5fae\u4fe1\u56fe\u7247_20231229150734-1-300x225.jpg 300w, https:\/\/uniwoay.com\/wp-content\/uploads\/2023\/12\/\u5fae\u4fe1\u56fe\u7247_20231229150734-1-768x576.jpg 768w, https:\/\/uniwoay.com\/wp-content\/uploads\/2023\/12\/\u5fae\u4fe1\u56fe\u7247_20231229150734-1-1536x1152.jpg 1536w, https:\/\/uniwoay.com\/wp-content\/uploads\/2023\/12\/\u5fae\u4fe1\u56fe\u7247_20231229150734-1-2048x1536.jpg 2048w\" sizes=\"auto, (max-width: 1024px) 100vw, 1024px\" \/><\/figure>\n\n\n\n<figure data-wp-context=\"{&quot;imageId&quot;:&quot;69e1f475e9982&quot;}\" data-wp-interactive=\"core\/image\" data-wp-key=\"69e1f475e9982\" class=\"wp-block-image size-large wp-lightbox-container\"><img loading=\"lazy\" decoding=\"async\" width=\"1024\" height=\"768\" data-wp-class--hide=\"state.isContentHidden\" data-wp-class--show=\"state.isContentVisible\" data-wp-init=\"callbacks.setButtonStyles\" data-wp-on--click=\"actions.showLightbox\" data-wp-on--load=\"callbacks.setButtonStyles\" data-wp-on-window--resize=\"callbacks.setButtonStyles\" data-id=\"2464\" src=\"https:\/\/uniwoay.com\/wp-content\/uploads\/2023\/12\/\u5fae\u4fe1\u56fe\u7247_20231229150736-1-1024x768.jpg\" alt=\"\" class=\"wp-image-2464\" srcset=\"https:\/\/uniwoay.com\/wp-content\/uploads\/2023\/12\/\u5fae\u4fe1\u56fe\u7247_20231229150736-1-1024x768.jpg 1024w, https:\/\/uniwoay.com\/wp-content\/uploads\/2023\/12\/\u5fae\u4fe1\u56fe\u7247_20231229150736-1-scaled-600x450.jpg 600w, https:\/\/uniwoay.com\/wp-content\/uploads\/2023\/12\/\u5fae\u4fe1\u56fe\u7247_20231229150736-1-300x225.jpg 300w, https:\/\/uniwoay.com\/wp-content\/uploads\/2023\/12\/\u5fae\u4fe1\u56fe\u7247_20231229150736-1-768x576.jpg 768w, https:\/\/uniwoay.com\/wp-content\/uploads\/2023\/12\/\u5fae\u4fe1\u56fe\u7247_20231229150736-1-1536x1152.jpg 1536w, https:\/\/uniwoay.com\/wp-content\/uploads\/2023\/12\/\u5fae\u4fe1\u56fe\u7247_20231229150736-1-2048x1536.jpg 2048w\" sizes=\"auto, (max-width: 1024px) 100vw, 1024px\" \/><button\n\t\t\tclass=\"lightbox-trigger\"\n\t\t\ttype=\"button\"\n\t\t\taria-haspopup=\"dialog\"\n\t\t\taria-label=\"\u653e\u5927\"\n\t\t\tdata-wp-init=\"callbacks.initTriggerButton\"\n\t\t\tdata-wp-on--click=\"actions.showLightbox\"\n\t\t\tdata-wp-style--right=\"state.imageButtonRight\"\n\t\t\tdata-wp-style--top=\"state.imageButtonTop\"\n\t\t>\n\t\t\t<svg xmlns=\"http:\/\/www.w3.org\/2000\/svg\" width=\"12\" height=\"12\" fill=\"none\" viewBox=\"0 0 12 12\">\n\t\t\t\t<path fill=\"#fff\" d=\"M2 0a2 2 0 0 0-2 2v2h1.5V2a.5.5 0 0 1 .5-.5h2V0H2Zm2 10.5H2a.5.5 0 0 1-.5-.5V8H0v2a2 2 0 0 0 2 2h2v-1.5ZM8 12v-1.5h2a.5.5 0 0 0 .5-.5V8H12v2a2 2 0 0 1-2 2H8Zm2-12a2 2 0 0 1 2 2v2h-1.5V2a.5.5 0 0 0-.5-.5H8V0h2Z\" \/>\n\t\t\t<\/svg>\n\t\t<\/button><\/figure>\n\n\n\n<figure class=\"wp-block-image size-large\"><img loading=\"lazy\" decoding=\"async\" width=\"1024\" height=\"768\" data-id=\"2467\" src=\"https:\/\/uniwoay.com\/wp-content\/uploads\/2023\/12\/\u5fae\u4fe1\u56fe\u7247_20231229150737-1-1024x768.jpg\" alt=\"\" class=\"wp-image-2467\" srcset=\"https:\/\/uniwoay.com\/wp-content\/uploads\/2023\/12\/\u5fae\u4fe1\u56fe\u7247_20231229150737-1-1024x768.jpg 1024w, https:\/\/uniwoay.com\/wp-content\/uploads\/2023\/12\/\u5fae\u4fe1\u56fe\u7247_20231229150737-1-scaled-600x450.jpg 600w, https:\/\/uniwoay.com\/wp-content\/uploads\/2023\/12\/\u5fae\u4fe1\u56fe\u7247_20231229150737-1-300x225.jpg 300w, https:\/\/uniwoay.com\/wp-content\/uploads\/2023\/12\/\u5fae\u4fe1\u56fe\u7247_20231229150737-1-768x576.jpg 768w, https:\/\/uniwoay.com\/wp-content\/uploads\/2023\/12\/\u5fae\u4fe1\u56fe\u7247_20231229150737-1-1536x1152.jpg 1536w, https:\/\/uniwoay.com\/wp-content\/uploads\/2023\/12\/\u5fae\u4fe1\u56fe\u7247_20231229150737-1-2048x1536.jpg 2048w\" sizes=\"auto, (max-width: 1024px) 100vw, 1024px\" \/><\/figure>\n\n\n\n<figure class=\"wp-block-image size-large\"><img loading=\"lazy\" decoding=\"async\" width=\"1024\" height=\"768\" data-id=\"2469\" src=\"https:\/\/uniwoay.com\/wp-content\/uploads\/2023\/12\/\u5fae\u4fe1\u56fe\u7247_20231229150738-1-1024x768.jpg\" alt=\"\" class=\"wp-image-2469\" srcset=\"https:\/\/uniwoay.com\/wp-content\/uploads\/2023\/12\/\u5fae\u4fe1\u56fe\u7247_20231229150738-1-1024x768.jpg 1024w, https:\/\/uniwoay.com\/wp-content\/uploads\/2023\/12\/\u5fae\u4fe1\u56fe\u7247_20231229150738-1-scaled-600x450.jpg 600w, https:\/\/uniwoay.com\/wp-content\/uploads\/2023\/12\/\u5fae\u4fe1\u56fe\u7247_20231229150738-1-300x225.jpg 300w, https:\/\/uniwoay.com\/wp-content\/uploads\/2023\/12\/\u5fae\u4fe1\u56fe\u7247_20231229150738-1-768x576.jpg 768w, https:\/\/uniwoay.com\/wp-content\/uploads\/2023\/12\/\u5fae\u4fe1\u56fe\u7247_20231229150738-1-1536x1152.jpg 1536w, https:\/\/uniwoay.com\/wp-content\/uploads\/2023\/12\/\u5fae\u4fe1\u56fe\u7247_20231229150738-1-2048x1536.jpg 2048w\" sizes=\"auto, (max-width: 1024px) 100vw, 1024px\" \/><\/figure>\n\n\n\n<figure class=\"wp-block-image size-large\"><img loading=\"lazy\" decoding=\"async\" width=\"1024\" height=\"768\" data-id=\"2466\" src=\"https:\/\/uniwoay.com\/wp-content\/uploads\/2023\/12\/\u5fae\u4fe1\u56fe\u7247_20231229150740-1-1024x768.jpg\" alt=\"\" class=\"wp-image-2466\" srcset=\"https:\/\/uniwoay.com\/wp-content\/uploads\/2023\/12\/\u5fae\u4fe1\u56fe\u7247_20231229150740-1-1024x768.jpg 1024w, https:\/\/uniwoay.com\/wp-content\/uploads\/2023\/12\/\u5fae\u4fe1\u56fe\u7247_20231229150740-1-scaled-600x450.jpg 600w, https:\/\/uniwoay.com\/wp-content\/uploads\/2023\/12\/\u5fae\u4fe1\u56fe\u7247_20231229150740-1-300x225.jpg 300w, https:\/\/uniwoay.com\/wp-content\/uploads\/2023\/12\/\u5fae\u4fe1\u56fe\u7247_20231229150740-1-768x576.jpg 768w, https:\/\/uniwoay.com\/wp-content\/uploads\/2023\/12\/\u5fae\u4fe1\u56fe\u7247_20231229150740-1-1536x1152.jpg 1536w, https:\/\/uniwoay.com\/wp-content\/uploads\/2023\/12\/\u5fae\u4fe1\u56fe\u7247_20231229150740-1-2048x1536.jpg 2048w\" sizes=\"auto, (max-width: 1024px) 100vw, 1024px\" \/><\/figure>\n\n\n\n<figure class=\"wp-block-image size-large\"><img loading=\"lazy\" decoding=\"async\" width=\"1024\" height=\"768\" data-id=\"2468\" src=\"https:\/\/uniwoay.com\/wp-content\/uploads\/2023\/12\/\u5fae\u4fe1\u56fe\u7247_20231229150741-1-1024x768.jpg\" alt=\"\" class=\"wp-image-2468\" srcset=\"https:\/\/uniwoay.com\/wp-content\/uploads\/2023\/12\/\u5fae\u4fe1\u56fe\u7247_20231229150741-1-1024x768.jpg 1024w, https:\/\/uniwoay.com\/wp-content\/uploads\/2023\/12\/\u5fae\u4fe1\u56fe\u7247_20231229150741-1-scaled-600x450.jpg 600w, https:\/\/uniwoay.com\/wp-content\/uploads\/2023\/12\/\u5fae\u4fe1\u56fe\u7247_20231229150741-1-300x225.jpg 300w, https:\/\/uniwoay.com\/wp-content\/uploads\/2023\/12\/\u5fae\u4fe1\u56fe\u7247_20231229150741-1-768x576.jpg 768w, https:\/\/uniwoay.com\/wp-content\/uploads\/2023\/12\/\u5fae\u4fe1\u56fe\u7247_20231229150741-1-1536x1152.jpg 1536w, https:\/\/uniwoay.com\/wp-content\/uploads\/2023\/12\/\u5fae\u4fe1\u56fe\u7247_20231229150741-1-2048x1536.jpg 2048w\" sizes=\"auto, (max-width: 1024px) 100vw, 1024px\" \/><\/figure>\n\n\n\n<figure class=\"wp-block-image size-large\"><img loading=\"lazy\" decoding=\"async\" width=\"1024\" height=\"768\" data-id=\"2470\" src=\"https:\/\/uniwoay.com\/wp-content\/uploads\/2023\/12\/\u5fae\u4fe1\u56fe\u7247_20231229150743-1-1024x768.jpg\" alt=\"\" class=\"wp-image-2470\" srcset=\"https:\/\/uniwoay.com\/wp-content\/uploads\/2023\/12\/\u5fae\u4fe1\u56fe\u7247_20231229150743-1-1024x768.jpg 1024w, https:\/\/uniwoay.com\/wp-content\/uploads\/2023\/12\/\u5fae\u4fe1\u56fe\u7247_20231229150743-1-scaled-600x450.jpg 600w, https:\/\/uniwoay.com\/wp-content\/uploads\/2023\/12\/\u5fae\u4fe1\u56fe\u7247_20231229150743-1-300x225.jpg 300w, https:\/\/uniwoay.com\/wp-content\/uploads\/2023\/12\/\u5fae\u4fe1\u56fe\u7247_20231229150743-1-768x576.jpg 768w, https:\/\/uniwoay.com\/wp-content\/uploads\/2023\/12\/\u5fae\u4fe1\u56fe\u7247_20231229150743-1-1536x1152.jpg 1536w, https:\/\/uniwoay.com\/wp-content\/uploads\/2023\/12\/\u5fae\u4fe1\u56fe\u7247_20231229150743-1-2048x1536.jpg 2048w\" sizes=\"auto, (max-width: 1024px) 100vw, 1024px\" \/><\/figure>\n\n\n\n<figure class=\"wp-block-image size-large\"><img loading=\"lazy\" decoding=\"async\" width=\"1024\" height=\"768\" data-id=\"2471\" src=\"https:\/\/uniwoay.com\/wp-content\/uploads\/2023\/12\/\u5fae\u4fe1\u56fe\u7247_20231229150746-1-1024x768.jpg\" alt=\"\" class=\"wp-image-2471\" srcset=\"https:\/\/uniwoay.com\/wp-content\/uploads\/2023\/12\/\u5fae\u4fe1\u56fe\u7247_20231229150746-1-1024x768.jpg 1024w, https:\/\/uniwoay.com\/wp-content\/uploads\/2023\/12\/\u5fae\u4fe1\u56fe\u7247_20231229150746-1-scaled-600x450.jpg 600w, https:\/\/uniwoay.com\/wp-content\/uploads\/2023\/12\/\u5fae\u4fe1\u56fe\u7247_20231229150746-1-300x225.jpg 300w, https:\/\/uniwoay.com\/wp-content\/uploads\/2023\/12\/\u5fae\u4fe1\u56fe\u7247_20231229150746-1-768x576.jpg 768w, https:\/\/uniwoay.com\/wp-content\/uploads\/2023\/12\/\u5fae\u4fe1\u56fe\u7247_20231229150746-1-1536x1152.jpg 1536w, https:\/\/uniwoay.com\/wp-content\/uploads\/2023\/12\/\u5fae\u4fe1\u56fe\u7247_20231229150746-1-2048x1536.jpg 2048w\" sizes=\"auto, (max-width: 1024px) 100vw, 1024px\" \/><\/figure>\n<\/figure>\n<\/div>\n<\/div>\n\n\n\n<div style=\"height:100px\" aria-hidden=\"true\" class=\"wp-block-spacer\"><\/div>\n","protected":false},"excerpt":{"rendered":"","protected":false},"author":1,"featured_media":0,"parent":0,"menu_order":0,"comment_status":"closed","ping_status":"closed","template":"","meta":{"neve_meta_sidebar":"default","neve_meta_container":"default","neve_meta_enable_content_width":"on","neve_meta_content_width":100,"neve_meta_title_alignment":"","neve_meta_author_avatar":"","neve_post_elements_order":"","neve_meta_disable_header":"","neve_meta_disable_footer":"","neve_meta_disable_title":"on","_themeisle_gutenberg_block_has_review":false,"footnotes":""},"class_list":["post-61","page","type-page","status-publish","hentry"],"_links":{"self":[{"href":"https:\/\/uniwoay.com\/index.php\/wp-json\/wp\/v2\/pages\/61","targetHints":{"allow":["GET"]}}],"collection":[{"href":"https:\/\/uniwoay.com\/index.php\/wp-json\/wp\/v2\/pages"}],"about":[{"href":"https:\/\/uniwoay.com\/index.php\/wp-json\/wp\/v2\/types\/page"}],"author":[{"embeddable":true,"href":"https:\/\/uniwoay.com\/index.php\/wp-json\/wp\/v2\/users\/1"}],"replies":[{"embeddable":true,"href":"https:\/\/uniwoay.com\/index.php\/wp-json\/wp\/v2\/comments?post=61"}],"version-history":[{"count":28,"href":"https:\/\/uniwoay.com\/index.php\/wp-json\/wp\/v2\/pages\/61\/revisions"}],"predecessor-version":[{"id":10856,"href":"https:\/\/uniwoay.com\/index.php\/wp-json\/wp\/v2\/pages\/61\/revisions\/10856"}],"wp:attachment":[{"href":"https:\/\/uniwoay.com\/index.php\/wp-json\/wp\/v2\/media?parent=61"}],"curies":[{"name":"wp","href":"https:\/\/api.w.org\/{rel}","templated":true}]}}